{"id":68,"date":"2022-08-05T17:02:14","date_gmt":"2022-08-05T17:02:14","guid":{"rendered":"https:\/\/casaluxe.at\/?page_id=68"},"modified":"2025-08-21T20:55:06","modified_gmt":"2025-08-21T18:55:06","slug":"about-us","status":"publish","type":"page","link":"https:\/\/www.casaluxe.at\/?page_id=68","title":{"rendered":"About Us"},"content":{"rendered":"<section class=\"wpb-content-wrapper\"><p>[vc_row fixed_width=&#8221;true&#8221; css=&#8221;.vc_custom_1627562291998{margin-top: 0px !important;margin-bottom: 0px !important;border-top-width: 0px !important;border-bottom-width: 0px !important;padding-top: 10px !important;padding-bottom: 0px !important;}&#8221;][vc_column css=&#8221;.vc_custom_1627562322556{margin-top: 0px !important;margin-bottom: 0px !important;border-top-width: 0px !important;border-bottom-width: 0px !important;padding-top: 0px !important;padding-bottom: 0px !important;}&#8221;]<div class=\"sohohotel-fixed-height-text-image-wrapper sohohotel-clearfix\"><div class=\"sohohotel-fixed-height-text-wrapper sohohotel-fixed-height-text-wrapper-left\"><h3 class=\"sohohotel-title-28px sohohotel-clearfix sohohotel-title-left\">Besser als ein Hotel<\/h3>Ein Aufenthalt in einem unserer Serviced Apartments bietet Ihnen das Gef\u00fchl, zu Hause zu sein, w\u00e4hrend Sie gleichzeitig die Annehmlichkeiten eines Hotels genie\u00dfen. Dazu geh\u00f6rt nat\u00fcrlich frisches Bettzeug und Handt\u00fccher. Selbstverst\u00e4ndlich stellen wir Ihnen auch kostenfreies Highspeed-WLAN, eine Nespresso-Maschine sowie einen 50 Zoll gro\u00dfen Smart-TV von Samsung mit Kabelanschluss zur Verf\u00fcgung.<\/div><div class=\"sohohotel-fixed-height-image-wrapper sohohotel-fixed-height-image-wrapper-right\"><div class=\"sohohotel-fixed-height-image\" style=\"background-image: url(https:\/\/www.casaluxe.at\/wp-content\/uploads\/2022\/08\/smart-tv.jpg); background-size: 640px 427px; height: 427px;\"><\/div><\/div><\/div><div class=\"sohohotel-fixed-height-text-image-wrapper sohohotel-clearfix\"><div class=\"sohohotel-fixed-height-text-wrapper sohohotel-fixed-height-text-wrapper-right\"><h3 class=\"sohohotel-title-28px sohohotel-clearfix sohohotel-title-left\">Mehr f\u00fcrs Geld bekommen<\/h3>Im Vergleich zu einem Hotelzimmer mit gleichem Standard zahlen Sie in Villach durchschnittlich 25 Prozent mehr. Mit unseren m\u00f6blierten Wohnungen und der voll ausgestatteten K\u00fcche haben Sie die M\u00f6glichkeit, selbst zu kochen und m\u00fcssen nicht jeden Tag ins Restaurant gehen. Das spart Geld und erm\u00f6glicht es Ihnen, zu jeder Zeit zu essen, ohne Angst haben zu m\u00fcssen, das Fr\u00fchst\u00fcck zu verpassen.<\/div><div class=\"sohohotel-fixed-height-image-wrapper sohohotel-fixed-height-image-wrapper-left\"><div class=\"sohohotel-fixed-height-image\" style=\"background-image: url(https:\/\/www.casaluxe.at\/wp-content\/uploads\/2022\/08\/Kochen.jpg); background-size: 640px 427px; height: 427px;\"><\/div><\/div><\/div><div class=\"sohohotel-fixed-height-text-image-wrapper sohohotel-clearfix\"><div class=\"sohohotel-fixed-height-text-wrapper sohohotel-fixed-height-text-wrapper-left\"><h3 class=\"sohohotel-title-28px sohohotel-clearfix sohohotel-title-left\">Genie\u00dfen Sie mehr Komfort<\/h3>In jedem Appartement der Casa Luxe-Reihe haben Sie Zugang zu einer komplett eingerichteten K\u00fcche, inklusive einer Nespresso-Kaffeemaschine, die Ihnen die Freiheit gibt, Ihre Verpflegung nach eigenem Belieben zu gestalten. Es steht Ihnen die Wahl offen, ob Sie Essen bestellen, in der Wohnung selbst kochen oder in ein Restaurant gehen m\u00f6chten. Sie bestimmen, wann und wo Sie Ihre Mahlzeiten einnehmen m\u00f6chten.<\/div><div class=\"sohohotel-fixed-height-image-wrapper sohohotel-fixed-height-image-wrapper-right\"><div class=\"sohohotel-fixed-height-image\" style=\"background-image: url(https:\/\/www.casaluxe.at\/wp-content\/uploads\/2022\/08\/Komfort.jpg); background-size: 640px 427px; height: 427px;\"><\/div><\/div><\/div>[\/vc_column][\/vc_row][vc_row css=&#8221;.vc_custom_1627553435640{margin-top: 0px !important;margin-right: 0px !important;margin-bottom: 45px !important;margin-left: 0px !important;border-top-width: 0px !important;border-right-width: 0px !important;border-bottom-width: 0px !important;border-left-width: 0px !important;padding-top: 0px !important;padding-right: 0px !important;padding-bottom: 0px !important;padding-left: 0px !important;}&#8221;][vc_column css=&#8221;.vc_custom_1627553414681{margin-top: 0px !important;margin-right: 0px !important;margin-bottom: 0px !important;margin-left: 0px !important;border-top-width: 0px !important;border-right-width: 0px !important;border-bottom-width: 0px !important;border-left-width: 0px !important;padding-top: 0px !important;padding-right: 0px !important;padding-bottom: 0px !important;padding-left: 0px !important;}&#8221;][vc_separator color=&#8221;custom&#8221; accent_color=&#8221;#dedede&#8221;][\/vc_column][\/vc_row][vc_row css=&#8221;.vc_custom_1627562303197{margin-top: 0px !important;margin-bottom: 10px !important;border-top-width: 0px !important;border-bottom-width: 0px !important;padding-top: 0px !important;padding-bottom: 0px !important;}&#8221;][vc_column css=&#8221;.vc_custom_1627562333686{margin-top: 0px !important;margin-bottom: 0px !important;border-top-width: 0px !important;border-bottom-width: 0px !important;padding-top: 0px !important;padding-bottom: 0px !important;}&#8221;]<h3 class=\"sohohotel-title-28px sohohotel-clearfix sohohotel-title-center\">Casa Luxe Facilities<\/h3>[vc_empty_space height=&#8221;20px&#8221;]<section class=\"sohohotel-icon-text-wrapper-1 sohohotel-clearfix\"><div class=\"sohohotel-icon-text-block sohohotel-clearfix\">\n\t\t<div class=\"sohohotel-icon\"><i class=\"fas fa-binoculars\"><\/i><\/div>\n\t\t<div class=\"sohohotel-text\">\n\t\t\t<h4>Fibre Internet<\/h4>\n\t\t\t<p>Individual Access Point for greater security<\/p>\n\t\t<\/div>\n\t\t<\/div><div class=\"sohohotel-icon-text-block sohohotel-clearfix\">\n\t\t<div class=\"sohohotel-icon\"><i class=\"fas fa-swimming-pool\"><\/i><\/div>\n\t\t<div class=\"sohohotel-text\">\n\t\t\t<h4>Fully Equipped Kitchen<\/h4>\n\t\t\t<p>Amenities provided for your food preparation<\/p>\n\t\t<\/div>\n\t\t<\/div><div class=\"sohohotel-icon-text-block sohohotel-clearfix\">\n\t\t<div class=\"sohohotel-icon\"><i class=\"fas fa-compass\"><\/i><\/div>\n\t\t<div class=\"sohohotel-text\">\n\t\t\t<h4>Smart TV<\/h4>\n\t\t\t<p>Watch your favourite online content with a click<\/p>\n\t\t<\/div>\n\t\t<\/div><div class=\"sohohotel-icon-text-block sohohotel-clearfix\">\n\t\t<div class=\"sohohotel-icon\"><i class=\"fas fa-map-marked-alt\"><\/i><\/div>\n\t\t<div class=\"sohohotel-text\">\n\t\t\t<h4>Weekly Housekeeping<\/h4>\n\t\t\t<p>Rooms freshened up on a weekly basis<\/p>\n\t\t<\/div>\n\t\t<\/div><\/section>[\/vc_column][\/vc_row]<\/p>\n<\/section>","protected":false},"excerpt":{"rendered":"<p>[vc_row fixed_width=&#8221;true&#8221; css=&#8221;.vc_custom_1627562291998{margin-top: 0px !important;margin-bottom: 0px !important;border-top-width: 0px !important;border-bottom-width: 0px !important;padding-top: 10px !important;padding-bottom: 0px !important;}&#8221;][vc_column css=&#8221;.vc_custom_1627562322556{margin-top: 0px !important;margin-bottom: 0px !important;border-top-width: 0px !important;border-bottom-width: 0px !important;padding-top: 0px !important;padding-bottom: 0px !important;}&#8221;][\/vc_column][\/vc_row][vc_row css=&#8221;.vc_custom_1627553435640{margin-top: 0px !important;margin-right: 0px !important;margin-bottom: 45px !important;margin-left: 0px !important;border-top-width: 0px !important;border-right-width: 0px !important;border-bottom-width: 0px !important;border-left-width: 0px !important;padding-top: 0px !important;padding-right: 0px !important;padding-bottom: 0px !important;padding-left: 0px !important;}&#8221;][vc_column css=&#8221;.vc_custom_1627553414681{margin-top: 0px<\/p>\n<a href=\"https:\/\/www.casaluxe.at\/?page_id=68\" class=\"sohohotel-more-link\">Read More<\/a>","protected":false},"author":1,"featured_media":377,"parent":0,"menu_order":0,"comment_status":"closed","ping_status":"closed","template":"","meta":{"footnotes":""},"class_list":["post-68","page","type-page","status-publish","has-post-thumbnail","hentry"],"yoast_head":"<!-- This site is optimized with the Yoast SEO plugin v27.5 - https:\/\/yoast.com\/product\/yoast-seo-wordpress\/ -->\n<title>About Us - Casa Luxe<\/title>\n<meta name=\"robots\" content=\"index, follow, max-snippet:-1, max-image-preview:large, max-video-preview:-1\" \/>\n<link rel=\"canonical\" href=\"https:\/\/www.casaluxe.at\/?page_id=68\" \/>\n<meta property=\"og:locale\" content=\"en_US\" \/>\n<meta property=\"og:type\" content=\"article\" \/>\n<meta property=\"og:title\" content=\"About Us - Casa Luxe\" \/>\n<meta property=\"og:description\" content=\"[vc_row fixed_width=&#8221;true&#8221; css=&#8221;.vc_custom_1627562291998{margin-top: 0px !important;margin-bottom: 0px !important;border-top-width: 0px !important;border-bottom-width: 0px !important;padding-top: 10px !important;padding-bottom: 0px !important;}&#8221;][vc_column css=&#8221;.vc_custom_1627562322556{margin-top: 0px !important;margin-bottom: 0px !important;border-top-width: 0px !important;border-bottom-width: 0px !important;padding-top: 0px !important;padding-bottom: 0px !important;}&#8221;][\/vc_column][\/vc_row][vc_row css=&#8221;.vc_custom_1627553435640{margin-top: 0px !important;margin-right: 0px !important;margin-bottom: 45px !important;margin-left: 0px !important;border-top-width: 0px !important;border-right-width: 0px !important;border-bottom-width: 0px !important;border-left-width: 0px !important;padding-top: 0px !important;padding-right: 0px !important;padding-bottom: 0px !important;padding-left: 0px !important;}&#8221;][vc_column css=&#8221;.vc_custom_1627553414681{margin-top: 0px\" \/>\n<meta property=\"og:url\" content=\"https:\/\/www.casaluxe.at\/?page_id=68\" \/>\n<meta property=\"og:site_name\" content=\"Casa Luxe\" \/>\n<meta property=\"article:modified_time\" content=\"2025-08-21T18:55:06+00:00\" \/>\n<meta property=\"og:image\" content=\"https:\/\/www.casaluxe.at\/wp-content\/uploads\/2022\/08\/beitragsbild_allgemein-scaled.jpg\" \/>\n\t<meta property=\"og:image:width\" content=\"2560\" \/>\n\t<meta property=\"og:image:height\" content=\"540\" \/>\n\t<meta property=\"og:image:type\" content=\"image\/jpeg\" \/>\n<meta name=\"twitter:card\" content=\"summary_large_image\" \/>\n<meta name=\"twitter:label1\" content=\"Est. reading time\" \/>\n\t<meta name=\"twitter:data1\" content=\"2 minutes\" \/>\n<script type=\"application\/ld+json\" class=\"yoast-schema-graph\">{\"@context\":\"https:\\\/\\\/schema.org\",\"@graph\":[{\"@type\":\"WebPage\",\"@id\":\"https:\\\/\\\/www.casaluxe.at\\\/?page_id=68\",\"url\":\"https:\\\/\\\/www.casaluxe.at\\\/?page_id=68\",\"name\":\"About Us - Casa Luxe\",\"isPartOf\":{\"@id\":\"https:\\\/\\\/www.casaluxe.at\\\/#website\"},\"primaryImageOfPage\":{\"@id\":\"https:\\\/\\\/www.casaluxe.at\\\/?page_id=68#primaryimage\"},\"image\":{\"@id\":\"https:\\\/\\\/www.casaluxe.at\\\/?page_id=68#primaryimage\"},\"thumbnailUrl\":\"https:\\\/\\\/www.casaluxe.at\\\/wp-content\\\/uploads\\\/2022\\\/08\\\/beitragsbild_allgemein-scaled.jpg\",\"datePublished\":\"2022-08-05T17:02:14+00:00\",\"dateModified\":\"2025-08-21T18:55:06+00:00\",\"breadcrumb\":{\"@id\":\"https:\\\/\\\/www.casaluxe.at\\\/?page_id=68#breadcrumb\"},\"inLanguage\":\"en-US\",\"potentialAction\":[{\"@type\":\"ReadAction\",\"target\":[\"https:\\\/\\\/www.casaluxe.at\\\/?page_id=68\"]}]},{\"@type\":\"ImageObject\",\"inLanguage\":\"en-US\",\"@id\":\"https:\\\/\\\/www.casaluxe.at\\\/?page_id=68#primaryimage\",\"url\":\"https:\\\/\\\/www.casaluxe.at\\\/wp-content\\\/uploads\\\/2022\\\/08\\\/beitragsbild_allgemein-scaled.jpg\",\"contentUrl\":\"https:\\\/\\\/www.casaluxe.at\\\/wp-content\\\/uploads\\\/2022\\\/08\\\/beitragsbild_allgemein-scaled.jpg\",\"width\":2560,\"height\":540},{\"@type\":\"BreadcrumbList\",\"@id\":\"https:\\\/\\\/www.casaluxe.at\\\/?page_id=68#breadcrumb\",\"itemListElement\":[{\"@type\":\"ListItem\",\"position\":1,\"name\":\"Startseite\",\"item\":\"https:\\\/\\\/www.casaluxe.at\\\/\"},{\"@type\":\"ListItem\",\"position\":2,\"name\":\"About Us\"}]},{\"@type\":\"WebSite\",\"@id\":\"https:\\\/\\\/www.casaluxe.at\\\/#website\",\"url\":\"https:\\\/\\\/www.casaluxe.at\\\/\",\"name\":\"Casa Luxe\",\"description\":\"Make Your Stay Memorable\",\"potentialAction\":[{\"@type\":\"SearchAction\",\"target\":{\"@type\":\"EntryPoint\",\"urlTemplate\":\"https:\\\/\\\/www.casaluxe.at\\\/?s={search_term_string}\"},\"query-input\":{\"@type\":\"PropertyValueSpecification\",\"valueRequired\":true,\"valueName\":\"search_term_string\"}}],\"inLanguage\":\"en-US\"}]}<\/script>\n<!-- \/ Yoast SEO plugin. -->","yoast_head_json":{"title":"About Us - Casa Luxe","robots":{"index":"index","follow":"follow","max-snippet":"max-snippet:-1","max-image-preview":"max-image-preview:large","max-video-preview":"max-video-preview:-1"},"canonical":"https:\/\/www.casaluxe.at\/?page_id=68","og_locale":"en_US","og_type":"article","og_title":"About Us - Casa Luxe","og_description":"[vc_row fixed_width=&#8221;true&#8221; css=&#8221;.vc_custom_1627562291998{margin-top: 0px !important;margin-bottom: 0px !important;border-top-width: 0px !important;border-bottom-width: 0px !important;padding-top: 10px !important;padding-bottom: 0px !important;}&#8221;][vc_column css=&#8221;.vc_custom_1627562322556{margin-top: 0px !important;margin-bottom: 0px !important;border-top-width: 0px !important;border-bottom-width: 0px !important;padding-top: 0px !important;padding-bottom: 0px !important;}&#8221;][\/vc_column][\/vc_row][vc_row css=&#8221;.vc_custom_1627553435640{margin-top: 0px !important;margin-right: 0px !important;margin-bottom: 45px !important;margin-left: 0px !important;border-top-width: 0px !important;border-right-width: 0px !important;border-bottom-width: 0px !important;border-left-width: 0px !important;padding-top: 0px !important;padding-right: 0px !important;padding-bottom: 0px !important;padding-left: 0px !important;}&#8221;][vc_column css=&#8221;.vc_custom_1627553414681{margin-top: 0px","og_url":"https:\/\/www.casaluxe.at\/?page_id=68","og_site_name":"Casa Luxe","article_modified_time":"2025-08-21T18:55:06+00:00","og_image":[{"width":2560,"height":540,"url":"https:\/\/www.casaluxe.at\/wp-content\/uploads\/2022\/08\/beitragsbild_allgemein-scaled.jpg","type":"image\/jpeg"}],"twitter_card":"summary_large_image","twitter_misc":{"Est. reading time":"2 minutes"},"schema":{"@context":"https:\/\/schema.org","@graph":[{"@type":"WebPage","@id":"https:\/\/www.casaluxe.at\/?page_id=68","url":"https:\/\/www.casaluxe.at\/?page_id=68","name":"About Us - Casa Luxe","isPartOf":{"@id":"https:\/\/www.casaluxe.at\/#website"},"primaryImageOfPage":{"@id":"https:\/\/www.casaluxe.at\/?page_id=68#primaryimage"},"image":{"@id":"https:\/\/www.casaluxe.at\/?page_id=68#primaryimage"},"thumbnailUrl":"https:\/\/www.casaluxe.at\/wp-content\/uploads\/2022\/08\/beitragsbild_allgemein-scaled.jpg","datePublished":"2022-08-05T17:02:14+00:00","dateModified":"2025-08-21T18:55:06+00:00","breadcrumb":{"@id":"https:\/\/www.casaluxe.at\/?page_id=68#breadcrumb"},"inLanguage":"en-US","potentialAction":[{"@type":"ReadAction","target":["https:\/\/www.casaluxe.at\/?page_id=68"]}]},{"@type":"ImageObject","inLanguage":"en-US","@id":"https:\/\/www.casaluxe.at\/?page_id=68#primaryimage","url":"https:\/\/www.casaluxe.at\/wp-content\/uploads\/2022\/08\/beitragsbild_allgemein-scaled.jpg","contentUrl":"https:\/\/www.casaluxe.at\/wp-content\/uploads\/2022\/08\/beitragsbild_allgemein-scaled.jpg","width":2560,"height":540},{"@type":"BreadcrumbList","@id":"https:\/\/www.casaluxe.at\/?page_id=68#breadcrumb","itemListElement":[{"@type":"ListItem","position":1,"name":"Startseite","item":"https:\/\/www.casaluxe.at\/"},{"@type":"ListItem","position":2,"name":"About Us"}]},{"@type":"WebSite","@id":"https:\/\/www.casaluxe.at\/#website","url":"https:\/\/www.casaluxe.at\/","name":"Casa Luxe","description":"Make Your Stay Memorable","potentialAction":[{"@type":"SearchAction","target":{"@type":"EntryPoint","urlTemplate":"https:\/\/www.casaluxe.at\/?s={search_term_string}"},"query-input":{"@type":"PropertyValueSpecification","valueRequired":true,"valueName":"search_term_string"}}],"inLanguage":"en-US"}]}},"jetpack_sharing_enabled":true,"_links":{"self":[{"href":"https:\/\/www.casaluxe.at\/index.php?rest_route=\/wp\/v2\/pages\/68","targetHints":{"allow":["GET"]}}],"collection":[{"href":"https:\/\/www.casaluxe.at\/index.php?rest_route=\/wp\/v2\/pages"}],"about":[{"href":"https:\/\/www.casaluxe.at\/index.php?rest_route=\/wp\/v2\/types\/page"}],"author":[{"embeddable":true,"href":"https:\/\/www.casaluxe.at\/index.php?rest_route=\/wp\/v2\/users\/1"}],"replies":[{"embeddable":true,"href":"https:\/\/www.casaluxe.at\/index.php?rest_route=%2Fwp%2Fv2%2Fcomments&post=68"}],"version-history":[{"count":13,"href":"https:\/\/www.casaluxe.at\/index.php?rest_route=\/wp\/v2\/pages\/68\/revisions"}],"predecessor-version":[{"id":890,"href":"https:\/\/www.casaluxe.at\/index.php?rest_route=\/wp\/v2\/pages\/68\/revisions\/890"}],"wp:featuredmedia":[{"embeddable":true,"href":"https:\/\/www.casaluxe.at\/index.php?rest_route=\/wp\/v2\/media\/377"}],"wp:attachment":[{"href":"https:\/\/www.casaluxe.at\/index.php?rest_route=%2Fwp%2Fv2%2Fmedia&parent=68"}],"curies":[{"name":"wp","href":"https:\/\/api.w.org\/{rel}","templated":true}]}}