{"id":75,"date":"2022-08-05T17:02:15","date_gmt":"2022-08-05T17:02:15","guid":{"rendered":"https:\/\/casaluxe.at\/?page_id=75"},"modified":"2022-08-07T21:50:15","modified_gmt":"2022-08-07T19:50:15","slug":"blog","status":"publish","type":"page","link":"https:\/\/www.casaluxe.at\/?page_id=75","title":{"rendered":"Blog"},"content":{"rendered":"<section class=\"wpb-content-wrapper\"><p>[vc_row][vc_column]\t\n\t\t\t\n\t\t<!-- BEGIN .sohohotel-blog-wrapper-1 -->\n\t\t<div class=\"sohohotel-blog-wrapper-1\">\n\t\t\n\t\t\n\t\t\t\t\t\n\t\t\t\t<!-- BEGIN .sohohotel-blog-block -->\n\t\t\t\t<div id=\"post-102\" class=\"sohohotel-blog-block sohohotel-clearfix post-102 post type-post status-publish format-standard has-post-thumbnail hentry category-travel\">\n\t\t\t\t\t\n\t\t\t\t\t\n\t\t\t\t\t\t<div class=\"sohohotel-blog-block-image\">\n\t\t\t\t\t\t\t<a href=\"https:\/\/www.casaluxe.at\/?p=102\" rel=\"bookmark\" title=\"Sommer in der Urlaubsregion Villach\">\n\t\t\t\t\t\t\t\t\t\t\t\t\t\t\t\t<img decoding=\"async\" src=\"https:\/\/www.casaluxe.at\/wp-content\/uploads\/2022\/08\/blick-auf-den-mittagskogel-2-region-villach-tourismus-gmbh-michael-stabentheiner-1560x512.jpg\" alt=\"\" \/>\t\t\t\t\t\t\t<\/a>\n\t\t\t\t\t\t<\/div>\n\n\t\t\t\t\t\t\t\t\t\t\n\t\t\t\t\t<!-- BEGIN .sohohotel-blog-title-meta-wrapper -->\n\t\t\t\t\t<div class=\"sohohotel-blog-title-meta-wrapper\">\n\t\t\t\t\t\n\t\t\t\t\t\t<h3><a href=\"https:\/\/www.casaluxe.at\/?p=102\" rel=\"bookmark\" title=\"Sommer in der Urlaubsregion Villach\">Sommer in der Urlaubsregion Villach<\/a><\/h3>\n\n\t\t\t\t\t\t<!-- BEGIN .sohohotel-blog-meta -->\n\t\t\t\t\t\t<div class=\"sohohotel-blog-meta clearfix\">\n\t\t\t\t\t\t\t<span class=\"sohohotel-blog-meta-date\"><i class=\"fas fa-calendar\"><\/i><a href=\"https:\/\/www.casaluxe.at\/?p=102\" rel=\"bookmark\" title=\"Sommer in der Urlaubsregion Villach\">05\/08\/2022<\/a><\/span>\n\t\t\t\t\t\t\t<span class=\"sohohotel-blog-meta-author\"><i class=\"fas fa-pencil-alt\"><\/i>By <a href=\"https:\/\/www.casaluxe.at\/?author=1\" title=\"Posts by admin\" rel=\"author\">admin<\/a><\/span>\n\t\t\t\t\t\t\t\n\t\t\t\t\t\t\t\t\t\t\t\t\t\t\n\t\t\t\t\t\t\t\t<span class=\"sohohotel-blog-meta-category\"><i class=\"fas fa-tag\"><\/i><a href=\"https:\/\/www.casaluxe.at\/?cat=21\" rel=\"category\">Travel<\/a><\/span>\n\t\t\t\t\t\t\t\t<span class=\"sohohotel-blog-meta-comments\"><i class=\"fas fa-comment\"><\/i><span>Comments Off<\/span><\/span>\n\t\t\t\t\t\t\n\t\t\t\t\t\t\t\t\t\t\t\t\n\t\t\t\t\t\t<!-- END .sohohotel-blog-meta -->\n\t\t\t\t\t\t<\/div>\n\t\t\t\t\t\n\t\t\t\t\t<!-- END .sohohotel-blog-title-meta-wrapper -->\n\t\t\t\t\t<\/div>\n\t\t\t\t\t\n\t\t\t\t\t\t\t\t\t\t\n\t\t\t\t\t\t<!-- BEGIN .sohohotel-blog-description -->\n\t\t\t\t\t\t<div class=\"sohohotel-blog-description sohohotel-clearfix\">\n\t\t\t\t\t\t\n\t\t\t\t\t\t\t\t\t\t\t\t\t\t\n\t\t\t\t\t\t\t\tW\u00fcrzig-klare Alpenluft, Badeseen mit Trinkwasserqualit\u00e4t, dazwischen weitl\u00e4ufige Wanderwege und Bike-Trails. Die Region Villach im S\u00fcden \u00d6sterreichs ist ein wahres Naturparadies.Oben auf der Alm genie\u00dft man den Ausblick \u00fcber die Alpen-Adria Bergwelt, unten glitzert das Wasser der bis zu 26 Grad warmen Seen in der Sonne.\t\t\t\t\t\t\t\t<div class=\"sohohotel-clearboth\"><\/div>\n\t\t\t\t\t\t\t\t<a href=\"https:\/\/www.casaluxe.at\/?p=102\" class=\"sohohotel-more-link\">Read More<\/a>\n\t\t\t\t\t\t\t\n\t\t\t\t\t\t\t\n\t\t\t\t\t\t<!-- END .sohohotel-blog-description -->\n\t\t\t\t\t\t<\/div>\n\t\t\t\t\t\n\t\t\t\t\t\n\t\t\t\t<!-- END .sohohotel-blog-block -->\n\t\t\t\t<\/div>\n\t\t\t\t\n\t\t\t\t\t\n\t\t\t\t<!-- BEGIN .sohohotel-blog-block -->\n\t\t\t\t<div id=\"post-103\" class=\"sohohotel-blog-block sohohotel-clearfix post-103 post type-post status-publish format-standard has-post-thumbnail hentry category-travel tag-hotel\">\n\t\t\t\t\t\n\t\t\t\t\t\n\t\t\t\t\t\t<div class=\"sohohotel-blog-block-image\">\n\t\t\t\t\t\t\t<a href=\"https:\/\/www.casaluxe.at\/?p=103\" rel=\"bookmark\" title=\"Winter in der Urlaubsregion Villach\">\n\t\t\t\t\t\t\t\t\t\t\t\t\t\t\t\t<img decoding=\"async\" src=\"https:\/\/www.casaluxe.at\/wp-content\/uploads\/2022\/08\/bad-bleiberg-im-winter-1560x512.jpg\" alt=\"\" \/>\t\t\t\t\t\t\t<\/a>\n\t\t\t\t\t\t<\/div>\n\n\t\t\t\t\t\t\t\t\t\t\n\t\t\t\t\t<!-- BEGIN .sohohotel-blog-title-meta-wrapper -->\n\t\t\t\t\t<div class=\"sohohotel-blog-title-meta-wrapper\">\n\t\t\t\t\t\n\t\t\t\t\t\t<h3><a href=\"https:\/\/www.casaluxe.at\/?p=103\" rel=\"bookmark\" title=\"Winter in der Urlaubsregion Villach\">Winter in der Urlaubsregion Villach<\/a><\/h3>\n\n\t\t\t\t\t\t<!-- BEGIN .sohohotel-blog-meta -->\n\t\t\t\t\t\t<div class=\"sohohotel-blog-meta clearfix\">\n\t\t\t\t\t\t\t<span class=\"sohohotel-blog-meta-date\"><i class=\"fas fa-calendar\"><\/i><a href=\"https:\/\/www.casaluxe.at\/?p=103\" rel=\"bookmark\" title=\"Winter in der Urlaubsregion Villach\">05\/08\/2022<\/a><\/span>\n\t\t\t\t\t\t\t<span class=\"sohohotel-blog-meta-author\"><i class=\"fas fa-pencil-alt\"><\/i>By <a href=\"https:\/\/www.casaluxe.at\/?author=1\" title=\"Posts by admin\" rel=\"author\">admin<\/a><\/span>\n\t\t\t\t\t\t\t\n\t\t\t\t\t\t\t\t\t\t\t\t\t\t\n\t\t\t\t\t\t\t\t<span class=\"sohohotel-blog-meta-category\"><i class=\"fas fa-tag\"><\/i><a href=\"https:\/\/www.casaluxe.at\/?cat=21\" rel=\"category\">Travel<\/a><\/span>\n\t\t\t\t\t\t\t\t<span class=\"sohohotel-blog-meta-comments\"><i class=\"fas fa-comment\"><\/i><span>Comments Off<\/span><\/span>\n\t\t\t\t\t\t\n\t\t\t\t\t\t\t\t\t\t\t\t\n\t\t\t\t\t\t<!-- END .sohohotel-blog-meta -->\n\t\t\t\t\t\t<\/div>\n\t\t\t\t\t\n\t\t\t\t\t<!-- END .sohohotel-blog-title-meta-wrapper -->\n\t\t\t\t\t<\/div>\n\t\t\t\t\t\n\t\t\t\t\t\t\t\t\t\t\n\t\t\t\t\t\t<!-- BEGIN .sohohotel-blog-description -->\n\t\t\t\t\t\t<div class=\"sohohotel-blog-description sohohotel-clearfix\">\n\t\t\t\t\t\t\n\t\t\t\t\t\t\t\t\t\t\t\t\t\t\n\t\t\t\t\t\t\t\tPistenzauber garantieren die Skigebiete Gerlitzen Alpe und Dreil\u00e4ndereck, die mit ihren schneesicheren Pisten beste M\u00f6glichkeiten f\u00fcr Anf\u00e4nger und Profis bieten. Wer nicht zu den Skifahrern z\u00e4hlt, kann sich beim Tourengehen, Langlaufen oder Rodeln im Naturpark Dobratsch vergn\u00fcgen. Oder Sie genie\u00dfen die Herzlichkeit der Draustadt Villach.\t\t\t\t\t\t\t\t<div class=\"sohohotel-clearboth\"><\/div>\n\t\t\t\t\t\t\t\t<a href=\"https:\/\/www.casaluxe.at\/?p=103\" class=\"sohohotel-more-link\">Read More<\/a>\n\t\t\t\t\t\t\t\n\t\t\t\t\t\t\t\n\t\t\t\t\t\t<!-- END .sohohotel-blog-description -->\n\t\t\t\t\t\t<\/div>\n\t\t\t\t\t\n\t\t\t\t\t\n\t\t\t\t<!-- END .sohohotel-blog-block -->\n\t\t\t\t<\/div>\n\t\t\t\t\n\t\t\t\t\t\n\t\t\t\t<!-- BEGIN .sohohotel-blog-block -->\n\t\t\t\t<div id=\"post-104\" class=\"sohohotel-blog-block sohohotel-clearfix post-104 post type-post status-publish format-standard has-post-thumbnail hentry category-insider-tips\">\n\t\t\t\t\t\n\t\t\t\t\t\n\t\t\t\t\t\t<div class=\"sohohotel-blog-block-image\">\n\t\t\t\t\t\t\t<a href=\"https:\/\/www.casaluxe.at\/?p=104\" rel=\"bookmark\" title=\"Die 6 besten Aussichten \u00fcber die Region\">\n\t\t\t\t\t\t\t\t\t\t\t\t\t\t\t\t<img decoding=\"async\" src=\"https:\/\/www.casaluxe.at\/wp-content\/uploads\/2022\/08\/blick-auf-den-mittagskogel-2-region-villach-tourismus-gmbh-michael-stabentheiner-1560x512.jpg\" alt=\"\" \/>\t\t\t\t\t\t\t<\/a>\n\t\t\t\t\t\t<\/div>\n\n\t\t\t\t\t\t\t\t\t\t\n\t\t\t\t\t<!-- BEGIN .sohohotel-blog-title-meta-wrapper -->\n\t\t\t\t\t<div class=\"sohohotel-blog-title-meta-wrapper\">\n\t\t\t\t\t\n\t\t\t\t\t\t<h3><a href=\"https:\/\/www.casaluxe.at\/?p=104\" rel=\"bookmark\" title=\"Die 6 besten Aussichten \u00fcber die Region\">Die 6 besten Aussichten \u00fcber die Region<\/a><\/h3>\n\n\t\t\t\t\t\t<!-- BEGIN .sohohotel-blog-meta -->\n\t\t\t\t\t\t<div class=\"sohohotel-blog-meta clearfix\">\n\t\t\t\t\t\t\t<span class=\"sohohotel-blog-meta-date\"><i class=\"fas fa-calendar\"><\/i><a href=\"https:\/\/www.casaluxe.at\/?p=104\" rel=\"bookmark\" title=\"Die 6 besten Aussichten \u00fcber die Region\">05\/08\/2022<\/a><\/span>\n\t\t\t\t\t\t\t<span class=\"sohohotel-blog-meta-author\"><i class=\"fas fa-pencil-alt\"><\/i>By <a href=\"https:\/\/www.casaluxe.at\/?author=1\" title=\"Posts by admin\" rel=\"author\">admin<\/a><\/span>\n\t\t\t\t\t\t\t\n\t\t\t\t\t\t\t\t\t\t\t\t\t\t\n\t\t\t\t\t\t\t\t<span class=\"sohohotel-blog-meta-category\"><i class=\"fas fa-tag\"><\/i><a href=\"https:\/\/www.casaluxe.at\/?cat=19\" rel=\"category\">Insider Tips<\/a><\/span>\n\t\t\t\t\t\t\t\t<span class=\"sohohotel-blog-meta-comments\"><i class=\"fas fa-comment\"><\/i><span>Comments Off<\/span><\/span>\n\t\t\t\t\t\t\n\t\t\t\t\t\t\t\t\t\t\t\t\n\t\t\t\t\t\t<!-- END .sohohotel-blog-meta -->\n\t\t\t\t\t\t<\/div>\n\t\t\t\t\t\n\t\t\t\t\t<!-- END .sohohotel-blog-title-meta-wrapper -->\n\t\t\t\t\t<\/div>\n\t\t\t\t\t\n\t\t\t\t\t\t\t\t\t\t\n\t\t\t\t\t\t<!-- BEGIN .sohohotel-blog-description -->\n\t\t\t\t\t\t<div class=\"sohohotel-blog-description sohohotel-clearfix\">\n\t\t\t\t\t\t\n\t\t\t\t\t\t\t\t\t\t\t\t\t\t\n\t\t\t\t\t\t\t\tDie Region Villach - Faaker See - Ossiacher See verspricht Urlaub mit Mehrwert. Denn nirgendwo sonst finden Sie so einzigartige Berg-Seen-Kombinationen wie bei uns.\t\t\t\t\t\t\t\t<div class=\"sohohotel-clearboth\"><\/div>\n\t\t\t\t\t\t\t\t<a href=\"https:\/\/www.casaluxe.at\/?p=104\" class=\"sohohotel-more-link\">Read More<\/a>\n\t\t\t\t\t\t\t\n\t\t\t\t\t\t\t\n\t\t\t\t\t\t<!-- END .sohohotel-blog-description -->\n\t\t\t\t\t\t<\/div>\n\t\t\t\t\t\n\t\t\t\t\t\n\t\t\t\t<!-- END .sohohotel-blog-block -->\n\t\t\t\t<\/div>\n\t\t\t\t\n\t\t\t\t\n\t\t<!-- END .sohohotel-blog-wrapper -->\n\t\t<\/div>\n\t\t\n\t\t\t\t\n\t\t[vc_empty_space height=&#8221;30px&#8221;][\/vc_column][\/vc_row]<\/p>\n<\/section>","protected":false},"excerpt":{"rendered":"<p>[vc_row][vc_column][vc_empty_space height=&#8221;30px&#8221;][\/vc_column][\/vc_row]<\/p>\n<a href=\"https:\/\/www.casaluxe.at\/?p=104\" class=\"sohohotel-more-link\">Read More<\/a>","protected":false},"author":1,"featured_media":377,"parent":0,"menu_order":0,"comment_status":"closed","ping_status":"closed","template":"","meta":{"footnotes":""},"class_list":["post-75","page","type-page","status-publish","has-post-thumbnail","hentry"],"yoast_head":"<!-- This site is optimized with the Yoast SEO plugin v27.5 - https:\/\/yoast.com\/product\/yoast-seo-wordpress\/ -->\n<title>Blog - Casa Luxe<\/title>\n<meta name=\"robots\" content=\"index, follow, max-snippet:-1, max-image-preview:large, max-video-preview:-1\" \/>\n<link rel=\"canonical\" href=\"https:\/\/www.casaluxe.at\/?page_id=75\" \/>\n<meta property=\"og:locale\" content=\"en_US\" \/>\n<meta property=\"og:type\" content=\"article\" \/>\n<meta property=\"og:title\" content=\"Blog - Casa Luxe\" \/>\n<meta property=\"og:description\" content=\"[vc_row][vc_column][vc_empty_space height=&#8221;30px&#8221;][\/vc_column][\/vc_row]\" \/>\n<meta property=\"og:url\" content=\"https:\/\/www.casaluxe.at\/?page_id=75\" \/>\n<meta property=\"og:site_name\" content=\"Casa Luxe\" \/>\n<meta property=\"article:modified_time\" content=\"2022-08-07T19:50:15+00:00\" \/>\n<meta property=\"og:image\" content=\"https:\/\/www.casaluxe.at\/wp-content\/uploads\/2022\/08\/beitragsbild_allgemein-scaled.jpg\" \/>\n\t<meta property=\"og:image:width\" content=\"2560\" \/>\n\t<meta property=\"og:image:height\" content=\"540\" \/>\n\t<meta property=\"og:image:type\" content=\"image\/jpeg\" \/>\n<meta name=\"twitter:card\" content=\"summary_large_image\" \/>\n<meta name=\"twitter:label1\" content=\"Est. reading time\" \/>\n\t<meta name=\"twitter:data1\" content=\"1 minute\" \/>\n<script type=\"application\/ld+json\" class=\"yoast-schema-graph\">{\"@context\":\"https:\\\/\\\/schema.org\",\"@graph\":[{\"@type\":\"WebPage\",\"@id\":\"https:\\\/\\\/www.casaluxe.at\\\/?page_id=75\",\"url\":\"https:\\\/\\\/www.casaluxe.at\\\/?page_id=75\",\"name\":\"Blog - Casa Luxe\",\"isPartOf\":{\"@id\":\"https:\\\/\\\/www.casaluxe.at\\\/#website\"},\"primaryImageOfPage\":{\"@id\":\"https:\\\/\\\/www.casaluxe.at\\\/?page_id=75#primaryimage\"},\"image\":{\"@id\":\"https:\\\/\\\/www.casaluxe.at\\\/?page_id=75#primaryimage\"},\"thumbnailUrl\":\"https:\\\/\\\/www.casaluxe.at\\\/wp-content\\\/uploads\\\/2022\\\/08\\\/beitragsbild_allgemein-scaled.jpg\",\"datePublished\":\"2022-08-05T17:02:15+00:00\",\"dateModified\":\"2022-08-07T19:50:15+00:00\",\"breadcrumb\":{\"@id\":\"https:\\\/\\\/www.casaluxe.at\\\/?page_id=75#breadcrumb\"},\"inLanguage\":\"en-US\",\"potentialAction\":[{\"@type\":\"ReadAction\",\"target\":[\"https:\\\/\\\/www.casaluxe.at\\\/?page_id=75\"]}]},{\"@type\":\"ImageObject\",\"inLanguage\":\"en-US\",\"@id\":\"https:\\\/\\\/www.casaluxe.at\\\/?page_id=75#primaryimage\",\"url\":\"https:\\\/\\\/www.casaluxe.at\\\/wp-content\\\/uploads\\\/2022\\\/08\\\/beitragsbild_allgemein-scaled.jpg\",\"contentUrl\":\"https:\\\/\\\/www.casaluxe.at\\\/wp-content\\\/uploads\\\/2022\\\/08\\\/beitragsbild_allgemein-scaled.jpg\",\"width\":2560,\"height\":540},{\"@type\":\"BreadcrumbList\",\"@id\":\"https:\\\/\\\/www.casaluxe.at\\\/?page_id=75#breadcrumb\",\"itemListElement\":[{\"@type\":\"ListItem\",\"position\":1,\"name\":\"Startseite\",\"item\":\"https:\\\/\\\/www.casaluxe.at\\\/\"},{\"@type\":\"ListItem\",\"position\":2,\"name\":\"Blog\"}]},{\"@type\":\"WebSite\",\"@id\":\"https:\\\/\\\/www.casaluxe.at\\\/#website\",\"url\":\"https:\\\/\\\/www.casaluxe.at\\\/\",\"name\":\"Casa Luxe\",\"description\":\"Make Your Stay Memorable\",\"potentialAction\":[{\"@type\":\"SearchAction\",\"target\":{\"@type\":\"EntryPoint\",\"urlTemplate\":\"https:\\\/\\\/www.casaluxe.at\\\/?s={search_term_string}\"},\"query-input\":{\"@type\":\"PropertyValueSpecification\",\"valueRequired\":true,\"valueName\":\"search_term_string\"}}],\"inLanguage\":\"en-US\"}]}<\/script>\n<!-- \/ Yoast SEO plugin. -->","yoast_head_json":{"title":"Blog - Casa Luxe","robots":{"index":"index","follow":"follow","max-snippet":"max-snippet:-1","max-image-preview":"max-image-preview:large","max-video-preview":"max-video-preview:-1"},"canonical":"https:\/\/www.casaluxe.at\/?page_id=75","og_locale":"en_US","og_type":"article","og_title":"Blog - Casa Luxe","og_description":"[vc_row][vc_column][vc_empty_space height=&#8221;30px&#8221;][\/vc_column][\/vc_row]","og_url":"https:\/\/www.casaluxe.at\/?page_id=75","og_site_name":"Casa Luxe","article_modified_time":"2022-08-07T19:50:15+00:00","og_image":[{"width":2560,"height":540,"url":"https:\/\/www.casaluxe.at\/wp-content\/uploads\/2022\/08\/beitragsbild_allgemein-scaled.jpg","type":"image\/jpeg"}],"twitter_card":"summary_large_image","twitter_misc":{"Est. reading time":"1 minute"},"schema":{"@context":"https:\/\/schema.org","@graph":[{"@type":"WebPage","@id":"https:\/\/www.casaluxe.at\/?page_id=75","url":"https:\/\/www.casaluxe.at\/?page_id=75","name":"Blog - Casa Luxe","isPartOf":{"@id":"https:\/\/www.casaluxe.at\/#website"},"primaryImageOfPage":{"@id":"https:\/\/www.casaluxe.at\/?page_id=75#primaryimage"},"image":{"@id":"https:\/\/www.casaluxe.at\/?page_id=75#primaryimage"},"thumbnailUrl":"https:\/\/www.casaluxe.at\/wp-content\/uploads\/2022\/08\/beitragsbild_allgemein-scaled.jpg","datePublished":"2022-08-05T17:02:15+00:00","dateModified":"2022-08-07T19:50:15+00:00","breadcrumb":{"@id":"https:\/\/www.casaluxe.at\/?page_id=75#breadcrumb"},"inLanguage":"en-US","potentialAction":[{"@type":"ReadAction","target":["https:\/\/www.casaluxe.at\/?page_id=75"]}]},{"@type":"ImageObject","inLanguage":"en-US","@id":"https:\/\/www.casaluxe.at\/?page_id=75#primaryimage","url":"https:\/\/www.casaluxe.at\/wp-content\/uploads\/2022\/08\/beitragsbild_allgemein-scaled.jpg","contentUrl":"https:\/\/www.casaluxe.at\/wp-content\/uploads\/2022\/08\/beitragsbild_allgemein-scaled.jpg","width":2560,"height":540},{"@type":"BreadcrumbList","@id":"https:\/\/www.casaluxe.at\/?page_id=75#breadcrumb","itemListElement":[{"@type":"ListItem","position":1,"name":"Startseite","item":"https:\/\/www.casaluxe.at\/"},{"@type":"ListItem","position":2,"name":"Blog"}]},{"@type":"WebSite","@id":"https:\/\/www.casaluxe.at\/#website","url":"https:\/\/www.casaluxe.at\/","name":"Casa Luxe","description":"Make Your Stay Memorable","potentialAction":[{"@type":"SearchAction","target":{"@type":"EntryPoint","urlTemplate":"https:\/\/www.casaluxe.at\/?s={search_term_string}"},"query-input":{"@type":"PropertyValueSpecification","valueRequired":true,"valueName":"search_term_string"}}],"inLanguage":"en-US"}]}},"jetpack_sharing_enabled":true,"_links":{"self":[{"href":"https:\/\/www.casaluxe.at\/index.php?rest_route=\/wp\/v2\/pages\/75","targetHints":{"allow":["GET"]}}],"collection":[{"href":"https:\/\/www.casaluxe.at\/index.php?rest_route=\/wp\/v2\/pages"}],"about":[{"href":"https:\/\/www.casaluxe.at\/index.php?rest_route=\/wp\/v2\/types\/page"}],"author":[{"embeddable":true,"href":"https:\/\/www.casaluxe.at\/index.php?rest_route=\/wp\/v2\/users\/1"}],"replies":[{"embeddable":true,"href":"https:\/\/www.casaluxe.at\/index.php?rest_route=%2Fwp%2Fv2%2Fcomments&post=75"}],"version-history":[{"count":2,"href":"https:\/\/www.casaluxe.at\/index.php?rest_route=\/wp\/v2\/pages\/75\/revisions"}],"predecessor-version":[{"id":379,"href":"https:\/\/www.casaluxe.at\/index.php?rest_route=\/wp\/v2\/pages\/75\/revisions\/379"}],"wp:featuredmedia":[{"embeddable":true,"href":"https:\/\/www.casaluxe.at\/index.php?rest_route=\/wp\/v2\/media\/377"}],"wp:attachment":[{"href":"https:\/\/www.casaluxe.at\/index.php?rest_route=%2Fwp%2Fv2%2Fmedia&parent=75"}],"curies":[{"name":"wp","href":"https:\/\/api.w.org\/{rel}","templated":true}]}}